{"id":5103,"date":"2025-07-12T03:14:00","date_gmt":"2025-07-12T07:14:00","guid":{"rendered":"https:\/\/www.buzgrowth.digital\/?page_id=5103"},"modified":"2025-07-14T03:59:21","modified_gmt":"2025-07-14T07:59:21","slug":"politique-de-confidentialite","status":"publish","type":"page","link":"https:\/\/www.buzgrowth.digital\/fr\/politique-de-confidentialite\/","title":{"rendered":"Politique de confidentialit\u00e9"},"content":{"rendered":"\t\t<div data-elementor-type=\"wp-page\" data-elementor-id=\"5103\" class=\"elementor elementor-5103 elementor-5055\" data-elementor-post-type=\"page\">\n\t\t\t\t<div class=\"elementor-element elementor-element-476de55 e-flex e-con-boxed e-con e-parent\" data-id=\"476de55\" data-element_type=\"container\" data-e-type=\"container\">\n\t\t\t\t\t<div class=\"e-con-inner\">\n\t\t\t\t<div class=\"elementor-element elementor-element-b9c8ae4 uael-heading-align-center elementor-widget elementor-widget-uael-advanced-heading\" data-id=\"b9c8ae4\" data-element_type=\"widget\" data-e-type=\"widget\" data-widget_type=\"uael-advanced-heading.default\">\n\t\t\t\t<div class=\"elementor-widget-container\">\n\t\t\t\t\t\n\t\t<div class=\"uael-module-content uael-heading-wrapper\">\n\t\t\t\t\t\t\t\t\t\t<div class=\"uael-sub-heading elementor-inline-editing\" data-elementor-setting-key=\"sub_heading\" data-elementor-inline-editing-toolbar=\"advanced\" >Vos donn\u00e9es. Vos droits. Notre responsabilit\u00e9.  <\/div>\n\t\t\t\n\t\t\t<h1 class=\"uael-heading\">\n\t\t\t\t\t\t\t\t\t\t<span class=\"uael-heading-text elementor-inline-editing uael-size--default\" data-elementor-setting-key=\"heading_title\" data-elementor-inline-editing-toolbar=\"basic\">Politique de confidentialit\u00e9<\/span>\n\t\t\t\t\t\t\t<\/h1>\n\n\t\t\t\n\t\t\t\t\t\t<div class=\"uael-module-content uael-separator-parent\">\n\t\t\t\t\t\t\t\t\t\t\t\t\t<div class=\"uael-separator\"><\/div>\n\t\t\t\t\t\t\t<\/div>\n\t\t\t\n\t\t\t\t\t\t\t<div class=\"uael-subheading elementor-inline-editing\" data-elementor-setting-key=\"heading_description\" data-elementor-inline-editing-toolbar=\"advanced\" >\n\t\t\t\t\tChez BuzGrowth Web LLC, nous prenons votre vie priv\u00e9e au s\u00e9rieux. Cette page d\u00e9crit comment nous collectons, utilisons et prot\u00e9geons vos donn\u00e9es personnelles sur notre site web et nos services. D\u00e9couvrez vos droits, nos pratiques en mati\u00e8re de donn\u00e9es et comment nous respectons les normes mondiales de confidentialit\u00e9 comme le RGPD et le CCPA.  \t\t\t\t<\/div>\n\t\t\t\t\n\t\t\t\t\t\t<\/div>\n\t\t\t\t\t\t<\/div>\n\t\t\t\t<\/div>\n\t\t\t\t\t<\/div>\n\t\t\t\t<\/div>\n\t\t<div class=\"elementor-element elementor-element-346ee3c e-flex e-con-boxed e-con e-parent\" data-id=\"346ee3c\" data-element_type=\"container\" data-e-type=\"container\">\n\t\t\t\t\t<div class=\"e-con-inner\">\n\t\t\t\t<div class=\"elementor-element elementor-element-70a7e36 elementor-widget elementor-widget-text-editor\" data-id=\"70a7e36\" data-element_type=\"widget\" data-e-type=\"widget\" data-widget_type=\"text-editor.default\">\n\t\t\t\t\t\t\t\t\t<p data-start=\"348\" data-end=\"458\"><strong data-start=\"348\" data-end=\"367\">Date d&rsquo;entr\u00e9e en vigueur :<\/strong> 12 juillet 2025<br data-start=\"380\" data-end=\"383\" \/><strong data-start=\"383\" data-end=\"395\">Site web :<\/strong> <a class=\"\" href=\"https:\/\/www.buzgrowth.digital\/fr\/\" target=\"_new\" rel=\"noopener\" data-start=\"396\" data-end=\"425\">https:\/\/www.buzgrowth.digital<\/a><br data-start=\"425\" data-end=\"428\" \/><strong data-start=\"428\" data-end=\"438\">Propri\u00e9taire :<\/strong> BuzGrowth Web LLC.<\/p><br><p data-start=\"460\" data-end=\"657\">Chez BuzGrowth Web LLC., votre vie priv\u00e9e est importante pour nous. Cette Politique de Confidentialit\u00e9 explique comment nous collectons, utilisons, partageons et prot\u00e9geons vos informations personnelles lorsque vous visitez notre site web ou utilisez nos services.<\/p><br><br><h2 data-start=\"664\" data-end=\"696\">1. <strong data-start=\"670\" data-end=\"696\">Informations que nous collectons<\/strong><\/h2><br><h3 data-start=\"698\" data-end=\"741\">a. <strong data-start=\"705\" data-end=\"741\">Informations personnelles que vous fournissez<\/strong><\/h3><br><p data-start=\"742\" data-end=\"833\">Lorsque vous remplissez des formulaires, demandez des d\u00e9monstrations, vous abonnez aux e-mails ou nous contactez, nous pouvons collecter :<\/p><br><br><ul data-start=\"834\" data-end=\"989\">\r\n \t<li data-start=\"834\" data-end=\"847\">\r\n<p data-start=\"836\" data-end=\"847\">Nom complet<\/p>\r\n<\/li>\r\n \t<li data-start=\"848\" data-end=\"865\">\r\n<p data-start=\"850\" data-end=\"865\">Adresse e-mail<\/p>\r\n<\/li>\r\n \t<li data-start=\"866\" data-end=\"882\">\r\n<p data-start=\"868\" data-end=\"882\">Num\u00e9ro de t\u00e9l\u00e9phone<\/p>\r\n<\/li>\r\n \t<li data-start=\"883\" data-end=\"899\">\r\n<p data-start=\"885\" data-end=\"899\">Nom de l&rsquo;entreprise<\/p>\r\n<\/li>\r\n \t<li data-start=\"900\" data-end=\"939\">\r\n<p data-start=\"902\" data-end=\"939\">Informations de facturation (le cas \u00e9ch\u00e9ant)<\/p>\r\n<\/li>\r\n \t<li data-start=\"940\" data-end=\"989\">\r\n<p data-start=\"942\" data-end=\"989\">Toute autre information que vous fournissez volontairement<\/p>\r\n<\/li>\r\n<\/ul><br><h3 data-start=\"991\" data-end=\"1037\">b. <strong data-start=\"998\" data-end=\"1037\">Informations collect\u00e9es automatiquement<\/strong><\/h3><br><p data-start=\"1038\" data-end=\"1107\">Nous collectons automatiquement certaines informations lorsque vous visitez notre site :<\/p><br><br><ul data-start=\"1108\" data-end=\"1214\">\r\n \t<li data-start=\"1108\" data-end=\"1122\">\r\n<p data-start=\"1110\" data-end=\"1122\">Adresse IP<\/p>\r\n<\/li>\r\n \t<li data-start=\"1123\" data-end=\"1139\">\r\n<p data-start=\"1125\" data-end=\"1139\">Type de navigateur<\/p>\r\n<\/li>\r\n \t<li data-start=\"1140\" data-end=\"1157\">\r\n<p data-start=\"1142\" data-end=\"1157\">Pages visit\u00e9es<\/p>\r\n<\/li>\r\n \t<li data-start=\"1158\" data-end=\"1180\">\r\n<p data-start=\"1160\" data-end=\"1180\">Temps pass\u00e9 sur le site<\/p>\r\n<\/li>\r\n \t<li data-start=\"1181\" data-end=\"1198\">\r\n<p data-start=\"1183\" data-end=\"1198\">URL de r\u00e9f\u00e9rence<\/p>\r\n<\/li>\r\n \t<li data-start=\"1199\" data-end=\"1214\">\r\n<p data-start=\"1201\" data-end=\"1214\">Type d&rsquo;appareil<\/p>\r\n<\/li>\r\n<\/ul><br><p data-start=\"1216\" data-end=\"1296\">Nous pouvons utiliser des cookies, des pixels et des technologies similaires pour am\u00e9liorer votre exp\u00e9rience.<\/p><br><br><h2 data-start=\"1303\" data-end=\"1340\">2. <strong data-start=\"1309\" data-end=\"1340\">Comment nous utilisons vos informations<\/strong><\/h2><br><p data-start=\"1342\" data-end=\"1362\">Nous utilisons vos donn\u00e9es pour :<\/p><br><br><ul data-start=\"1363\" data-end=\"1658\">\r\n \t<li data-start=\"1363\" data-end=\"1398\">\r\n<p data-start=\"1365\" data-end=\"1398\">Fournir et g\u00e9rer nos services<\/p>\r\n<\/li>\r\n \t<li data-start=\"1399\" data-end=\"1444\">\r\n<p data-start=\"1401\" data-end=\"1444\">R\u00e9pondre aux demandes de renseignements et d&rsquo;assistance<\/p>\r\n<\/li>\r\n \t<li data-start=\"1445\" data-end=\"1519\">\r\n<p data-start=\"1447\" data-end=\"1519\">Envoyer des newsletters ou des communications marketing (uniquement si vous avez donn\u00e9 votre accord)<\/p>\r\n<\/li>\r\n \t<li data-start=\"1520\" data-end=\"1577\">\r\n<p data-start=\"1522\" data-end=\"1577\">Analyser les performances du site web et am\u00e9liorer ses fonctionnalit\u00e9s<\/p>\r\n<\/li>\r\n \t<li data-start=\"1578\" data-end=\"1624\">\r\n<p data-start=\"1580\" data-end=\"1624\">Pr\u00e9venir la fraude, les abus ou les failles de s\u00e9curit\u00e9<\/p>\r\n<\/li>\r\n \t<li data-start=\"1625\" data-end=\"1658\">\r\n<p data-start=\"1627\" data-end=\"1658\">Respecter les obligations l\u00e9gales<\/p>\r\n<\/li>\r\n<\/ul><br><h2 data-start=\"1665\" data-end=\"1699\">3. <strong data-start=\"1671\" data-end=\"1699\">Partage de vos informations<\/strong><\/h2><br><p data-start=\"1701\" data-end=\"1782\">Nous <strong data-start=\"1707\" data-end=\"1714\">ne vendons pas<\/strong> vos informations personnelles. Nous pouvons partager vos informations avec :<\/p><br><br><ul data-start=\"1783\" data-end=\"2062\">\r\n \t<li data-start=\"1783\" data-end=\"1886\">\r\n<p data-start=\"1785\" data-end=\"1886\"><strong data-start=\"1785\" data-end=\"1826\">Des prestataires de services tiers de confiance<\/strong> qui nous assistent (par exemple, CRM, plateformes d&rsquo;e-mail, outils d&rsquo;analyse)<\/p>\r\n<\/li>\r\n \t<li data-start=\"1887\" data-end=\"1954\">\r\n<p data-start=\"1889\" data-end=\"1954\"><strong data-start=\"1889\" data-end=\"1910\">Les autorit\u00e9s l\u00e9gales<\/strong> si la loi l&rsquo;exige ou pour prot\u00e9ger nos droits<\/p>\r\n<\/li>\r\n \t<li data-start=\"1955\" data-end=\"2062\">\r\n<p data-start=\"1957\" data-end=\"2062\"><strong data-start=\"1957\" data-end=\"1992\">Des partenaires commerciaux ou affili\u00e9s<\/strong> sous accords de confidentialit\u00e9, uniquement pour fournir des services pertinents<\/p>\r\n<\/li>\r\n<\/ul><br><h2 data-start=\"2069\" data-end=\"2112\">4. <strong data-start=\"2075\" data-end=\"2112\">Cookies et technologies de suivi<\/strong><\/h2><br><p data-start=\"2114\" data-end=\"2276\">Nous utilisons des cookies pour personnaliser votre exp\u00e9rience et am\u00e9liorer nos services. Vous pouvez contr\u00f4ler ou d\u00e9sactiver les cookies via les param\u00e8tres de votre navigateur. Types de cookies que nous utilisons :<\/p><br><br><ul data-start=\"2277\" data-end=\"2411\">\r\n \t<li data-start=\"2277\" data-end=\"2299\">\r\n<p data-start=\"2279\" data-end=\"2299\">Cookies fonctionnels<\/p>\r\n<\/li>\r\n \t<li data-start=\"2300\" data-end=\"2334\">\r\n<p data-start=\"2302\" data-end=\"2334\">Cookies analytiques\/de performance<\/p>\r\n<\/li>\r\n \t<li data-start=\"2335\" data-end=\"2411\">\r\n<p data-start=\"2337\" data-end=\"2411\">Cookies de marketing et de remarketing (par exemple, Facebook Pixel, Google Analytics)<\/p>\r\n<\/li>\r\n<\/ul><br><p data-start=\"2413\" data-end=\"2487\">Vous pouvez refuser le suivi via la <strong data-start=\"2449\" data-end=\"2474\">banni\u00e8re de consentement aux cookies<\/strong> sur notre site.<\/p><br><br><h2 data-start=\"2494\" data-end=\"2518\">5. <strong data-start=\"2500\" data-end=\"2518\">Conservation des donn\u00e9es<\/strong><\/h2><br><p data-start=\"2520\" data-end=\"2675\">Nous conservons les donn\u00e9es personnelles uniquement aussi longtemps que n\u00e9cessaire aux fins d\u00e9crites dans cette politique ou pour nous conformer aux exigences l\u00e9gales, comptables ou de reporting.<\/p><br><br><h2 data-start=\"2682\" data-end=\"2711\">6. <strong data-start=\"2688\" data-end=\"2711\">Vos droits \u00e0 la vie priv\u00e9e<\/strong><\/h2><br><p data-start=\"2713\" data-end=\"2767\">Selon votre localisation, vous pouvez avoir le droit de :<\/p><br><br><ul data-start=\"2768\" data-end=\"2976\">\r\n \t<li data-start=\"2768\" data-end=\"2821\">\r\n<p data-start=\"2770\" data-end=\"2821\">Acc\u00e9der aux informations personnelles que nous d\u00e9tenons \u00e0 votre sujet<\/p>\r\n<\/li>\r\n \t<li data-start=\"2822\" data-end=\"2859\">\r\n<p data-start=\"2824\" data-end=\"2859\">Corriger les inexactitudes dans vos donn\u00e9es<\/p>\r\n<\/li>\r\n \t<li data-start=\"2860\" data-end=\"2893\">\r\n<p data-start=\"2862\" data-end=\"2893\">Demander la suppression de vos donn\u00e9es<\/p>\r\n<\/li>\r\n \t<li data-start=\"2894\" data-end=\"2938\">\r\n<p data-start=\"2896\" data-end=\"2938\">Vous opposer \u00e0 certains traitements ou les limiter<\/p>\r\n<\/li>\r\n \t<li data-start=\"2939\" data-end=\"2976\">\r\n<p data-start=\"2941\" data-end=\"2976\">Retirer votre consentement le cas \u00e9ch\u00e9ant<\/p>\r\n<\/li>\r\n<\/ul><br><p data-start=\"2978\" data-end=\"3046\">Pour exercer ces droits, envoyez-nous un e-mail \u00e0 <strong data-start=\"3016\" data-end=\"3045\"><a class=\"cursor-pointer\" rel=\"noopener\" data-start=\"3018\" data-end=\"3043\">support@buzgrowth.digital<\/a><\/strong>.<\/p><br><br><h2 data-start=\"3053\" data-end=\"3076\">7. <strong data-start=\"3059\" data-end=\"3076\">S\u00e9curit\u00e9 des donn\u00e9es<\/strong><\/h2><br><p data-start=\"3078\" data-end=\"3270\">Nous mettons en \u0153uvre des mesures de s\u00e9curit\u00e9 conformes aux normes de l&rsquo;industrie pour prot\u00e9ger vos donn\u00e9es, notamment le chiffrement SSL, des pare-feu, des contr\u00f4les d&rsquo;acc\u00e8s et des syst\u00e8mes de stockage de donn\u00e9es s\u00e9curis\u00e9s. Cependant, aucun syst\u00e8me n&rsquo;est s\u00e9curis\u00e9 \u00e0 100 %.<\/p><br><br><h2 data-start=\"3277\" data-end=\"3305\">8. <strong data-start=\"3283\" data-end=\"3305\">Confidentialit\u00e9 des enfants<\/strong><\/h2><br><p data-start=\"3307\" data-end=\"3441\">Notre site web et nos services ne s&rsquo;adressent pas aux personnes de moins de 13 ans. Nous ne collectons pas sciemment de donn\u00e9es personnelles aupr\u00e8s des enfants.<\/p><br><br><h2 data-start=\"3448\" data-end=\"3486\">9. <strong data-start=\"3454\" data-end=\"3486\">Transferts internationaux de donn\u00e9es<\/strong><\/h2><br><p data-start=\"3488\" data-end=\"3723\">Si vous acc\u00e9dez \u00e0 notre site depuis l&rsquo;ext\u00e9rieur des \u00c9tats-Unis, sachez que vos informations peuvent \u00eatre transf\u00e9r\u00e9es, stock\u00e9es et trait\u00e9es aux \u00c9tats-Unis ou dans d&rsquo;autres pays. Nous veillons \u00e0 ce que des garanties appropri\u00e9es soient en place pour de tels transferts.<\/p><br><br><h2 data-start=\"3730\" data-end=\"3758\">10. <strong data-start=\"3737\" data-end=\"3758\">Liens vers des tiers<\/strong><\/h2><br><p data-start=\"3760\" data-end=\"3899\">Notre site web peut contenir des liens vers des sites externes. Nous ne sommes pas responsables des pratiques de confidentialit\u00e9 ou du contenu de ces sites tiers.<\/p><br><br><h2 data-start=\"3906\" data-end=\"3947\">11. <strong data-start=\"3913\" data-end=\"3947\">Modifications de cette Politique de Confidentialit\u00e9<\/strong><\/h2><br><p data-start=\"3949\" data-end=\"4135\">Nous pouvons mettre \u00e0 jour cette Politique de Confidentialit\u00e9 p\u00e9riodiquement. Les modifications seront publi\u00e9es sur cette page avec une \u00ab Date d&rsquo;entr\u00e9e en vigueur \u00bb mise \u00e0 jour. L&rsquo;utilisation continue du site indique votre accord avec toutes les mises \u00e0 jour.<\/p><br><br><h2 data-start=\"4142\" data-end=\"4163\">12. <strong data-start=\"4149\" data-end=\"4163\">Nous contacter<\/strong><\/h2><br><p data-start=\"4165\" data-end=\"4259\">Si vous avez des questions, des pr\u00e9occupations ou des demandes concernant cette Politique de Confidentialit\u00e9, veuillez nous contacter :<\/p><br><p data-start=\"4261\" data-end=\"4391\"><strong data-start=\"4261\" data-end=\"4282\">BuzGrowth Web LLC<\/strong><br data-start=\"4282\" data-end=\"4285\" \/>Email : <a class=\"cursor-pointer\" rel=\"noopener\" data-start=\"4292\" data-end=\"4317\">support@buzgrowth.digital<\/a><br data-start=\"4317\" data-end=\"4320\" \/>Site web : <a class=\"\" href=\"https:\/\/www.buzgrowth.digital\/fr\/\" target=\"_new\" rel=\"noopener\" data-start=\"4329\" data-end=\"4391\">https:\/\/www.buzgrowth.digital<\/a><\/p>\t\t\t\t\t\t\t\t<\/div>\n\t\t\t\t\t<\/div>\n\t\t\t\t<\/div>\n\t\t\t\t<\/div>\n\t\t","protected":false},"excerpt":{"rendered":"<p>Vos donn\u00e9es. Vos droits. Notre responsabilit\u00e9. Politique de confidentialit\u00e9 Chez BuzGrowth Web LLC, nous prenons votre vie priv\u00e9e au s\u00e9rieux. Cette page d\u00e9crit comment nous collectons, utilisons et prot\u00e9geons vos donn\u00e9es personnelles sur notre site web et nos services. D\u00e9couvrez vos droits, nos pratiques en mati\u00e8re de donn\u00e9es et comment nous respectons les normes mondiales [&hellip;]<\/p>\n","protected":false},"author":2,"featured_media":0,"parent":0,"menu_order":0,"comment_status":"closed","ping_status":"closed","template":"","meta":{"_acf_changed":false,"_seopress_robots_primary_cat":"","_seopress_titles_title":"","_seopress_titles_desc":"Consultez la politique de confidentialit\u00e9 de BuzGrowth web LLC concernant la gestion de vos donn\u00e9es personnelles.","_seopress_robots_index":"","footnotes":""},"class_list":["post-5103","page","type-page","status-publish","hentry"],"acf":[],"_links":{"self":[{"href":"https:\/\/www.buzgrowth.digital\/fr\/wp-json\/wp\/v2\/pages\/5103","targetHints":{"allow":["GET"]}}],"collection":[{"href":"https:\/\/www.buzgrowth.digital\/fr\/wp-json\/wp\/v2\/pages"}],"about":[{"href":"https:\/\/www.buzgrowth.digital\/fr\/wp-json\/wp\/v2\/types\/page"}],"author":[{"embeddable":true,"href":"https:\/\/www.buzgrowth.digital\/fr\/wp-json\/wp\/v2\/users\/2"}],"replies":[{"embeddable":true,"href":"https:\/\/www.buzgrowth.digital\/fr\/wp-json\/wp\/v2\/comments?post=5103"}],"version-history":[{"count":0,"href":"https:\/\/www.buzgrowth.digital\/fr\/wp-json\/wp\/v2\/pages\/5103\/revisions"}],"wp:attachment":[{"href":"https:\/\/www.buzgrowth.digital\/fr\/wp-json\/wp\/v2\/media?parent=5103"}],"curies":[{"name":"wp","href":"https:\/\/api.w.org\/{rel}","templated":true}]}}