{"id":5099,"date":"2025-07-06T01:21:00","date_gmt":"2025-07-06T05:21:00","guid":{"rendered":"https:\/\/www.buzgrowth.digital\/reservation-dune-session-strategique-gratuite\/"},"modified":"2025-07-14T15:54:11","modified_gmt":"2025-07-14T19:54:11","slug":"reservation-dune-session-strategique-gratuite","status":"publish","type":"page","link":"https:\/\/www.buzgrowth.digital\/fr\/reservation-dune-session-strategique-gratuite\/","title":{"rendered":"R\u00e9servation d&rsquo;une session strat\u00e9gique gratuite"},"content":{"rendered":"\t\t<div data-elementor-type=\"wp-page\" data-elementor-id=\"5099\" class=\"elementor elementor-5099 elementor-3600\" data-elementor-post-type=\"page\">\n\t\t\t\t<div class=\"elementor-element elementor-element-8056f75 e-flex e-con-boxed e-con e-parent\" data-id=\"8056f75\" data-element_type=\"container\" data-e-type=\"container\">\n\t\t\t\t\t<div class=\"e-con-inner\">\n\t\t\t\t<div class=\"elementor-element elementor-element-07e2dad uael-heading-align-center elementor-widget elementor-widget-uael-advanced-heading\" data-id=\"07e2dad\" data-element_type=\"widget\" data-e-type=\"widget\" data-widget_type=\"uael-advanced-heading.default\">\n\t\t\t\t<div class=\"elementor-widget-container\">\n\t\t\t\t\t\n\t\t<div class=\"uael-module-content uael-heading-wrapper\">\n\t\t\t\t\t\t\t\t\t\t<div class=\"uael-sub-heading elementor-inline-editing\" data-elementor-setting-key=\"sub_heading\" data-elementor-inline-editing-toolbar=\"advanced\" >Planifions votre croissance<\/div>\n\t\t\t\n\t\t\t<h1 class=\"uael-heading\">\n\t\t\t\t\t\t\t\t\t\t<span class=\"uael-heading-text elementor-inline-editing uael-size--default\" data-elementor-setting-key=\"heading_title\" data-elementor-inline-editing-toolbar=\"basic\">R\u00e9servez votre session strat\u00e9gique gratuite<\/span>\n\t\t\t\t\t\t\t<\/h1>\n\n\t\t\t\n\t\t\t\t\t\t<div class=\"uael-module-content uael-separator-parent\">\n\t\t\t\t\t\t\t\t\t\t\t\t\t<div class=\"uael-separator\"><\/div>\n\t\t\t\t\t\t\t<\/div>\n\t\t\t\n\t\t\t\t\t\t\t<div class=\"uael-subheading elementor-inline-editing\" data-elementor-setting-key=\"heading_description\" data-elementor-inline-editing-toolbar=\"advanced\" >\n\t\t\t\t\tPr\u00eat \u00e0 d\u00e9bloquer des syst\u00e8mes plus intelligents, une port\u00e9e plus forte et de meilleurs r\u00e9sultats ? R\u00e9servez une session strat\u00e9gique gratuite avec un expert BuzGrowth et obtenez des conseils personnalis\u00e9s sur la fa\u00e7on de rationaliser vos op\u00e9rations, d'automatiser la g\u00e9n\u00e9ration de leads et de d\u00e9velopper votre entreprise en utilisant l'IA, CRM et des outils num\u00e9riques. Pas de pression \u2014 juste de la clart\u00e9, de la valeur et des \u00e9tapes concr\u00e8tes \u00e0 suivre.\t\t\t\t<\/div>\n\t\t\t\t\n\t\t\t\t\t\t<\/div>\n\t\t\t\t\t\t<\/div>\n\t\t\t\t<\/div>\n\t\t\t\t<div class=\"elementor-element elementor-element-390fb31 elementor-widget elementor-widget-html\" data-id=\"390fb31\" data-element_type=\"widget\" data-e-type=\"widget\" data-widget_type=\"html.default\">\n\t\t\t\t\t<iframe src=\"https:\/\/link.buzgrowth.cloud\/widget\/booking\/CIHnWba5QqfrrpAmlizY\" style=\"width: 100%;border:none;overflow: hidden;\" scrolling=\"no\" id=\"FoZTz27XLZ3AausNDIVQ_1752522837696\"><\/iframe><br><script src=\"https:\/\/link.buzgrowth.cloud\/js\/form_embed.js\" type=\"text\/javascript\"><\/script>\t\t\t\t<\/div>\n\t\t\t\t\t<\/div>\n\t\t\t\t<\/div>\n\t\t\t\t<\/div>\n\t\t","protected":false},"excerpt":{"rendered":"<p>Planifions votre croissance R\u00e9servez votre session strat\u00e9gique gratuite Pr\u00eat \u00e0 d\u00e9bloquer des syst\u00e8mes plus intelligents, une port\u00e9e plus forte et de meilleurs r\u00e9sultats ? R\u00e9servez une session strat\u00e9gique gratuite avec un expert BuzGrowth et obtenez des conseils personnalis\u00e9s sur la fa\u00e7on de rationaliser vos op\u00e9rations, d&rsquo;automatiser la g\u00e9n\u00e9ration de leads et de d\u00e9velopper votre entreprise [&hellip;]<\/p>\n","protected":false},"author":1,"featured_media":0,"parent":0,"menu_order":0,"comment_status":"closed","ping_status":"closed","template":"","meta":{"_acf_changed":false,"_seopress_robots_primary_cat":"","_seopress_titles_title":"","_seopress_titles_desc":"R\u00e9servez une session gratuite : automatisez et d\u00e9veloppez votre entreprise intelligemment.","_seopress_robots_index":"","footnotes":""},"class_list":["post-5099","page","type-page","status-publish","hentry"],"acf":[],"_links":{"self":[{"href":"https:\/\/www.buzgrowth.digital\/fr\/wp-json\/wp\/v2\/pages\/5099","targetHints":{"allow":["GET"]}}],"collection":[{"href":"https:\/\/www.buzgrowth.digital\/fr\/wp-json\/wp\/v2\/pages"}],"about":[{"href":"https:\/\/www.buzgrowth.digital\/fr\/wp-json\/wp\/v2\/types\/page"}],"author":[{"embeddable":true,"href":"https:\/\/www.buzgrowth.digital\/fr\/wp-json\/wp\/v2\/users\/1"}],"replies":[{"embeddable":true,"href":"https:\/\/www.buzgrowth.digital\/fr\/wp-json\/wp\/v2\/comments?post=5099"}],"version-history":[{"count":0,"href":"https:\/\/www.buzgrowth.digital\/fr\/wp-json\/wp\/v2\/pages\/5099\/revisions"}],"wp:attachment":[{"href":"https:\/\/www.buzgrowth.digital\/fr\/wp-json\/wp\/v2\/media?parent=5099"}],"curies":[{"name":"wp","href":"https:\/\/api.w.org\/{rel}","templated":true}]}}