{"id":5095,"date":"2025-07-12T05:58:35","date_gmt":"2025-07-12T09:58:35","guid":{"rendered":"https:\/\/www.buzgrowth.digital\/?page_id=5095"},"modified":"2025-07-14T03:59:21","modified_gmt":"2025-07-14T07:59:21","slug":"politique-en-matiere-de-cookies","status":"publish","type":"page","link":"https:\/\/www.buzgrowth.digital\/fr\/politique-en-matiere-de-cookies\/","title":{"rendered":"Politique en mati\u00e8re de cookies"},"content":{"rendered":"\t\t<div data-elementor-type=\"wp-page\" data-elementor-id=\"5095\" class=\"elementor elementor-5095 elementor-5076\" data-elementor-post-type=\"page\">\n\t\t\t\t<div class=\"elementor-element elementor-element-76cb323 e-flex e-con-boxed e-con e-parent\" data-id=\"76cb323\" data-element_type=\"container\" data-e-type=\"container\">\n\t\t\t\t\t<div class=\"e-con-inner\">\n\t\t\t\t<div class=\"elementor-element elementor-element-253949e uael-heading-align-center elementor-widget elementor-widget-uael-advanced-heading\" data-id=\"253949e\" data-element_type=\"widget\" data-e-type=\"widget\" data-widget_type=\"uael-advanced-heading.default\">\n\t\t\t\t<div class=\"elementor-widget-container\">\n\t\t\t\t\t\n\t\t<div class=\"uael-module-content uael-heading-wrapper\">\n\t\t\t\t\t\t\t\t\t\t<div class=\"uael-sub-heading elementor-inline-editing\" data-elementor-setting-key=\"sub_heading\" data-elementor-inline-editing-toolbar=\"advanced\" >Comment et pourquoi nous utilisons des cookies<\/div>\n\t\t\t\n\t\t\t<h1 class=\"uael-heading\">\n\t\t\t\t\t\t\t\t\t\t<span class=\"uael-heading-text elementor-inline-editing uael-size--default\" data-elementor-setting-key=\"heading_title\" data-elementor-inline-editing-toolbar=\"basic\">Politique en mati\u00e8re de cookies<\/span>\n\t\t\t\t\t\t\t<\/h1>\n\n\t\t\t\n\t\t\t\t\t\t<div class=\"uael-module-content uael-separator-parent\">\n\t\t\t\t\t\t\t\t\t\t\t\t\t<div class=\"uael-separator\"><\/div>\n\t\t\t\t\t\t\t<\/div>\n\t\t\t\n\t\t\t\t\t\t\t<div class=\"uael-subheading elementor-inline-editing\" data-elementor-setting-key=\"heading_description\" data-elementor-inline-editing-toolbar=\"advanced\" >\n\t\t\t\t\tD\u00e9couvrez comment BuzGrowth Web LLC utilise les cookies et les technologies de suivi pour am\u00e9liorer votre exp\u00e9rience de navigation, am\u00e9liorer les performances et fournir un contenu pertinent. Vous pouvez contr\u00f4ler vos pr\u00e9f\u00e9rences \u00e0 tout moment. \t\t\t\t<\/div>\n\t\t\t\t\n\t\t\t\t\t\t<\/div>\n\t\t\t\t\t\t<\/div>\n\t\t\t\t<\/div>\n\t\t\t\t\t<\/div>\n\t\t\t\t<\/div>\n\t\t<div class=\"elementor-element elementor-element-8752dba e-flex e-con-boxed e-con e-parent\" data-id=\"8752dba\" data-element_type=\"container\" data-e-type=\"container\">\n\t\t\t\t\t<div class=\"e-con-inner\">\n\t\t\t\t<div class=\"elementor-element elementor-element-1cb4817 elementor-widget elementor-widget-text-editor\" data-id=\"1cb4817\" data-element_type=\"widget\" data-e-type=\"widget\" data-widget_type=\"text-editor.default\">\n\t\t\t\t\t\t\t\t\t<p data-start=\"210\" data-end=\"320\"><strong data-start=\"210\" data-end=\"229\">Date d&rsquo;entr\u00e9e en vigueur :<\/strong> 12 juillet 2025<br data-start=\"242\" data-end=\"245\"><strong data-start=\"245\" data-end=\"257\">Site web<\/strong> <a class=\"\" href=\"https:\/\/www.buzgrowth.digital\/fr\/\" target=\"_new\" rel=\"noopener\" data-start=\"258\" data-end=\"287\">:<\/a><strong data-start=\"290\" data-end=\"300\">https:\/\/www.buzgrowth.digital<\/strong><br data-start=\"287\" data-end=\"290\"><strong data-start=\"290\" data-end=\"300\">Propri\u00e9taire :<\/strong> BuzGrowth Web LLC<\/p><p data-start=\"322\" data-end=\"550\">Cette politique de cookies explique comment BuzGrowth Web LLC (\u00ab\u00a0nous\u00a0\u00bb, \u00ab\u00a0notre\u00a0\u00bb ou \u00ab\u00a0nos\u00a0\u00bb) utilise des cookies et des technologies de suivi similaires sur son site web. En continuant \u00e0 naviguer ou \u00e0 utiliser notre site, vous acceptez notre utilisation des cookies telle qu&rsquo;elle est d\u00e9crite ci-dessous. <\/p><h2 data-start=\"557\" data-end=\"584\">1. <strong data-start=\"563\" data-end=\"584\">Qu&rsquo;est-ce qu&rsquo;un cookie ?<\/strong><\/h2><p data-start=\"586\" data-end=\"822\">Les cookies sont de petits fichiers texte stock\u00e9s sur votre appareil lorsque vous visitez un site web. Ils aident les sites web \u00e0 m\u00e9moriser les actions et les pr\u00e9f\u00e9rences des utilisateurs (telles que la connexion, la langue et d&rsquo;autres param\u00e8tres d&rsquo;affichage) et \u00e0 am\u00e9liorer la fonctionnalit\u00e9 globale et l&rsquo;analyse. <\/p><h2 data-start=\"829\" data-end=\"862\">2. <strong data-start=\"835\" data-end=\"862\">Types de cookies que nous utilisons<\/strong><\/h2><h3 data-start=\"864\" data-end=\"894\">a.  <strong data-start=\"871\" data-end=\"892\">Biscuits essentiels<\/strong><\/h3><p data-start=\"895\" data-end=\"1077\">Ces cookies sont n\u00e9cessaires \u00e0 la fonctionnalit\u00e9 de base du site web, comme la navigation sur les pages, la connexion s\u00e9curis\u00e9e et l&rsquo;acc\u00e8s \u00e0 certaines fonctions. Le site web ne peut pas fonctionner correctement sans eux. <\/p><h3 data-start=\"1079\" data-end=\"1123\">b.  <strong data-start=\"1086\" data-end=\"1121\">Cookies de performance et d&rsquo;analyse<\/strong><\/h3><p data-start=\"1124\" data-end=\"1325\">Ces cookies collectent des informations sur la mani\u00e8re dont les visiteurs utilisent notre site web (par exemple, visites de pages, taux de rebond, sources de trafic) afin de nous aider \u00e0 am\u00e9liorer les performances. Nous utilisons des outils tels que Google Analytics et Hotjar. <\/p><h3 data-start=\"1327\" data-end=\"1358\">c.  <strong data-start=\"1334\" data-end=\"1356\">Cookies fonctionnels<\/strong><\/h3><p data-start=\"1359\" data-end=\"1473\">Ces cookies m\u00e9morisent vos pr\u00e9f\u00e9rences et vos choix (par exemple, les param\u00e8tres linguistiques) afin d&rsquo;am\u00e9liorer votre exp\u00e9rience de navigation.<\/p><h3 data-start=\"1475\" data-end=\"1519\">d.  <strong data-start=\"1482\" data-end=\"1517\">Cookies de marketing et de publicit\u00e9<\/strong><\/h3><p data-start=\"1520\" data-end=\"1681\">Nous pouvons utiliser des cookies provenant de plateformes tierces (comme Facebook Pixel ou Google Ads) pour diffuser des publicit\u00e9s cibl\u00e9es et suivre les taux de conversion dans le cadre de nos campagnes de marketing.<\/p><h2 data-start=\"1688\" data-end=\"1717\">3. <strong data-start=\"1694\" data-end=\"1717\">Cookies de tiers<\/strong><\/h2><p data-start=\"1719\" data-end=\"1903\">Dans certains cas, nous utilisons des services tiers qui peuvent \u00e9galement placer des cookies sur votre appareil. Il s&rsquo;agit notamment de plateformes d&rsquo;analyse, d&rsquo;outils de gestion de la relation client, de partenaires publicitaires et de fournisseurs de m\u00e9dias int\u00e9gr\u00e9s. <\/p><p data-start=\"1905\" data-end=\"1980\">Chaque tiers a sa propre politique en mati\u00e8re de confidentialit\u00e9 et de cookies. En voici quelques exemples : <\/p><ul data-start=\"1981\" data-end=\"2083\"><li data-start=\"1981\" data-end=\"2001\"><p data-start=\"1983\" data-end=\"2001\">Google Analytics<\/p><\/li><li data-start=\"2002\" data-end=\"2020\"><p data-start=\"2004\" data-end=\"2020\">Pixel Facebook<\/p><\/li><li data-start=\"2021\" data-end=\"2037\"><p data-start=\"2023\" data-end=\"2037\">Annonces LinkedIn<\/p><\/li><li data-start=\"2038\" data-end=\"2083\"><p data-start=\"2040\" data-end=\"2083\">Expandi.io (pour le suivi des contacts avec LinkedIn)<\/p><\/li><\/ul><h2 data-start=\"2090\" data-end=\"2122\">4. <strong data-start=\"2096\" data-end=\"2122\">Comment contr\u00f4ler les cookies<\/strong><\/h2><p data-start=\"2124\" data-end=\"2217\">Vous pouvez contr\u00f4ler ou d\u00e9sactiver les cookies par le biais des param\u00e8tres de votre navigateur. La plupart des navigateurs vous permettent de <\/p><ul data-start=\"2218\" data-end=\"2337\"><li data-start=\"2218\" data-end=\"2250\"><p data-start=\"2220\" data-end=\"2250\">Voir quels sont les cookies stock\u00e9s<\/p><\/li><li data-start=\"2251\" data-end=\"2269\"><p data-start=\"2253\" data-end=\"2269\">Supprimer les cookies<\/p><\/li><li data-start=\"2270\" data-end=\"2299\"><p data-start=\"2272\" data-end=\"2299\">Bloquer les cookies de tiers<\/p><\/li><li data-start=\"2300\" data-end=\"2337\"><p data-start=\"2302\" data-end=\"2337\">D\u00e9finir des notifications pour les nouveaux cookies<\/p><\/li><\/ul><p data-start=\"2339\" data-end=\"2439\"><strong data-start=\"2339\" data-end=\"2348\">Remarque :<\/strong> la d\u00e9sactivation de certains cookies peut affecter votre capacit\u00e9 \u00e0 utiliser efficacement certaines parties de notre site web.<\/p><h2 data-start=\"2446\" data-end=\"2470\">5. <strong data-start=\"2452\" data-end=\"2470\">Consentement \u00e0 l&rsquo;utilisation de cookies<\/strong><\/h2><p data-start=\"2472\" data-end=\"2656\">Lors de votre premi\u00e8re visite sur notre site web, vous verrez une banni\u00e8re de cookies vous demandant votre consentement pour certains types de cookies. Vous pouvez accepter ou g\u00e9rer vos pr\u00e9f\u00e9rences directement \u00e0 partir de cette banni\u00e8re.<\/p><h2 data-start=\"2663\" data-end=\"2700\">6. <strong data-start=\"2669\" data-end=\"2700\">Dur\u00e9e de conservation des cookies<\/strong><\/h2><p data-start=\"2702\" data-end=\"2889\">Certains cookies sont supprim\u00e9s automatiquement lorsque vous fermez votre navigateur (cookies de session). D&rsquo;autres restent sur votre appareil pendant une p\u00e9riode d\u00e9termin\u00e9e ou jusqu&rsquo;\u00e0 ce que vous les supprimiez manuellement (cookies persistants).<\/p><h2 data-start=\"2896\" data-end=\"2928\">7. <strong data-start=\"2902\" data-end=\"2928\">Modifications de la pr\u00e9sente politique<\/strong><\/h2><p data-start=\"2930\" data-end=\"3118\">Nous pouvons mettre \u00e0 jour la pr\u00e9sente politique en mati\u00e8re de cookies de temps \u00e0 autre. Le cas \u00e9ch\u00e9ant, nous mettrons \u00e0 jour la \u00ab\u00a0date d&rsquo;entr\u00e9e en vigueur\u00a0\u00bb en haut de cette page. Consultez r\u00e9guli\u00e8rement cette page pour obtenir les informations les plus r\u00e9centes.<\/p><h2 data-start=\"3125\" data-end=\"3145\">8. <strong data-start=\"3131\" data-end=\"3145\">Contactez nous<\/strong><\/h2><p data-start=\"3147\" data-end=\"3225\">Si vous avez des questions sur notre utilisation des cookies ou sur votre vie priv\u00e9e, contactez-nous \u00e0 l&rsquo;adresse suivante :<\/p><p data-start=\"3227\" data-end=\"3357\"><strong data-start=\"3227\" data-end=\"3248\">BuzGrowth Web LLC<\/strong><br data-start=\"3248\" data-end=\"3251\">Email : <a class=\"cursor-pointer\" rel=\"noopener\" data-start=\"3258\" data-end=\"3283\">support@buzgrowth.digital<\/a><br data-start=\"3283\" data-end=\"3286\">Website <a class=\"\" href=\"https:\/\/www.buzgrowth.digital\/fr\/\" target=\"_new\" rel=\"noopener\" data-start=\"3295\" data-end=\"3357\">: https:\/\/www.buzgrowth.digital<\/a><\/p>\t\t\t\t\t\t\t\t<\/div>\n\t\t\t\t\t<\/div>\n\t\t\t\t<\/div>\n\t\t\t\t<\/div>\n\t\t","protected":false},"excerpt":{"rendered":"<p>Comment et pourquoi nous utilisons des cookies Politique en mati\u00e8re de cookies D\u00e9couvrez comment BuzGrowth Web LLC utilise les cookies et les technologies de suivi pour am\u00e9liorer votre exp\u00e9rience de navigation, am\u00e9liorer les performances et fournir un contenu pertinent. Vous pouvez contr\u00f4ler vos pr\u00e9f\u00e9rences \u00e0 tout moment. Date d&rsquo;entr\u00e9e en vigueur : 12 juillet 2025Site [&hellip;]<\/p>\n","protected":false},"author":2,"featured_media":0,"parent":0,"menu_order":0,"comment_status":"closed","ping_status":"closed","template":"","meta":{"_acf_changed":false,"_seopress_robots_primary_cat":"","_seopress_titles_title":"","_seopress_titles_desc":"D\u00e9couvrez comment BuzGrowth utilise les cookies pour am\u00e9liorer l'exp\u00e9rience de l'utilisateur, analyser le trafic du site web et soutenir les campagnes de marketing.","_seopress_robots_index":"","footnotes":""},"class_list":["post-5095","page","type-page","status-publish","hentry"],"acf":[],"_links":{"self":[{"href":"https:\/\/www.buzgrowth.digital\/fr\/wp-json\/wp\/v2\/pages\/5095","targetHints":{"allow":["GET"]}}],"collection":[{"href":"https:\/\/www.buzgrowth.digital\/fr\/wp-json\/wp\/v2\/pages"}],"about":[{"href":"https:\/\/www.buzgrowth.digital\/fr\/wp-json\/wp\/v2\/types\/page"}],"author":[{"embeddable":true,"href":"https:\/\/www.buzgrowth.digital\/fr\/wp-json\/wp\/v2\/users\/2"}],"replies":[{"embeddable":true,"href":"https:\/\/www.buzgrowth.digital\/fr\/wp-json\/wp\/v2\/comments?post=5095"}],"version-history":[{"count":0,"href":"https:\/\/www.buzgrowth.digital\/fr\/wp-json\/wp\/v2\/pages\/5095\/revisions"}],"wp:attachment":[{"href":"https:\/\/www.buzgrowth.digital\/fr\/wp-json\/wp\/v2\/media?parent=5095"}],"curies":[{"name":"wp","href":"https:\/\/api.w.org\/{rel}","templated":true}]}}