{"id":5090,"date":"2023-07-26T12:23:19","date_gmt":"2023-07-26T16:23:19","guid":{"rendered":"https:\/\/www.buzgrowth.digital\/a-propos-de-nous\/"},"modified":"2025-07-14T03:59:21","modified_gmt":"2025-07-14T07:59:21","slug":"a-propos-de-nous","status":"publish","type":"page","link":"https:\/\/www.buzgrowth.digital\/fr\/a-propos-de-nous\/","title":{"rendered":"A propos de nous"},"content":{"rendered":"\t\t<div data-elementor-type=\"wp-page\" data-elementor-id=\"5090\" class=\"elementor elementor-5090 elementor-2955\" data-elementor-post-type=\"page\">\n\t\t\t\t<div class=\"elementor-element elementor-element-d5d292f e-flex e-con-boxed e-con e-parent\" data-id=\"d5d292f\" data-element_type=\"container\" data-e-type=\"container\">\n\t\t\t\t\t<div class=\"e-con-inner\">\n\t\t\t\t<div class=\"elementor-element elementor-element-9aa27cd uael-heading-align-center elementor-widget elementor-widget-uael-advanced-heading\" data-id=\"9aa27cd\" data-element_type=\"widget\" data-e-type=\"widget\" data-widget_type=\"uael-advanced-heading.default\">\n\t\t\t\t<div class=\"elementor-widget-container\">\n\t\t\t\t\t\n\t\t<div class=\"uael-module-content uael-heading-wrapper\">\n\t\t\t\t\t\t\t\t\t\t<div class=\"uael-sub-heading elementor-inline-editing\" data-elementor-setting-key=\"sub_heading\" data-elementor-inline-editing-toolbar=\"advanced\" >Syst\u00e8mes intelligents. Des r\u00e9sultats concrets. <\/div>\n\t\t\t\n\t\t\t<h1 class=\"uael-heading\">\n\t\t\t\t\t\t\t\t\t\t<span class=\"uael-heading-text elementor-inline-editing uael-size--default\" data-elementor-setting-key=\"heading_title\" data-elementor-inline-editing-toolbar=\"basic\">A propos de BuzGrowth Web LLC<\/span>\n\t\t\t\t\t\t\t<\/h1>\n\n\t\t\t\n\t\t\t\t\t\t<div class=\"uael-module-content uael-separator-parent\">\n\t\t\t\t\t\t\t\t\t\t\t\t\t<div class=\"uael-separator\"><\/div>\n\t\t\t\t\t\t\t<\/div>\n\t\t\t\n\t\t\t\t\t\t\t<div class=\"uael-subheading elementor-inline-editing\" data-elementor-setting-key=\"heading_description\" data-elementor-inline-editing-toolbar=\"advanced\" >\n\t\t\t\t\tChez BuzGrowth Web LLC, nous aidons les entreprises \u00e0 simplifier et \u00e0 se d\u00e9velopper gr\u00e2ce \u00e0 des syst\u00e8mes intelligents, \u00e0 l'automatisation et \u00e0 des strat\u00e9gies num\u00e9riques adapt\u00e9es \u00e0 une croissance r\u00e9elle. Des chatbots aliment\u00e9s par l'IA et l'automatisation du CRM aux campagnes de sensibilisation et aux solutions multilingues, nous construisons l'infrastructure qui permet aux agences, aux coachs et aux prestataires de services de travailler plus intelligemment et de se d\u00e9velopper plus rapidement. En mettant l'accent sur la performance, la personnalisation et la pr\u00e9cision technique, nous sommes fiers de servir des partenaires dans plus de 20 pays, en fournissant des outils modernes qui transforment la complexit\u00e9 en clart\u00e9.  \t\t\t\t<\/div>\n\t\t\t\t\n\t\t\t\t\t\t<\/div>\n\t\t\t\t\t\t<\/div>\n\t\t\t\t<\/div>\n\t\t\t\t\t<\/div>\n\t\t\t\t<\/div>\n\t\t<div class=\"elementor-element elementor-element-3723c81 e-flex e-con-boxed e-con e-parent\" data-id=\"3723c81\" data-element_type=\"container\" data-e-type=\"container\">\n\t\t\t\t\t<div class=\"e-con-inner\">\n\t\t\t\t<div class=\"elementor-element elementor-element-5e79ae6 elementor-invisible elementor-widget elementor-widget-heading\" data-id=\"5e79ae6\" data-element_type=\"widget\" data-e-type=\"widget\" data-settings=\"{&quot;_animation&quot;:&quot;fadeInLeft&quot;}\" data-widget_type=\"heading.default\">\n\t\t\t\t\t<h2 class=\"elementor-heading-title elementor-size-default\">Qui sommes-nous ?<\/h2>\t\t\t\t<\/div>\n\t\t\t\t<div class=\"elementor-element elementor-element-56aa690 elementor-invisible elementor-widget elementor-widget-text-editor\" data-id=\"56aa690\" data-element_type=\"widget\" data-e-type=\"widget\" data-settings=\"{&quot;_animation&quot;:&quot;fadeInUp&quot;}\" data-widget_type=\"text-editor.default\">\n\t\t\t\t\t\t\t\t\t<p>BuzGrowth Web LLC est une soci\u00e9t\u00e9 de solutions num\u00e9riques avant-gardiste qui se consacre \u00e0 aider les entreprises \u00e0 automatiser, \u00e0 mettre \u00e0 l&rsquo;\u00e9chelle et \u00e0 se d\u00e9velopper en utilisant des syst\u00e8mes intelligents et des strat\u00e9gies aliment\u00e9es par l&rsquo;IA. Fond\u00e9e sur une passion pour la r\u00e9solution de probl\u00e8mes par l&rsquo;innovation, nous r\u00e9unissons une expertise dans le d\u00e9veloppement CRM, l&rsquo;automatisation, la sensibilisation et l&rsquo;int\u00e9gration de l&rsquo;IA pour fournir des services ax\u00e9s sur les r\u00e9sultats \u00e0 nos clients dans le monde entier. <\/p>\t\t\t\t\t\t\t\t<\/div>\n\t\t\t\t<div class=\"elementor-element elementor-element-3bd0971 elementor-invisible elementor-widget elementor-widget-heading\" data-id=\"3bd0971\" data-element_type=\"widget\" data-e-type=\"widget\" data-settings=\"{&quot;_animation&quot;:&quot;fadeInLeft&quot;}\" data-widget_type=\"heading.default\">\n\t\t\t\t\t<h3 class=\"elementor-heading-title elementor-size-default\">Notre mission<\/h3>\t\t\t\t<\/div>\n\t\t\t\t<div class=\"elementor-element elementor-element-43b8fe8 elementor-invisible elementor-widget elementor-widget-text-editor\" data-id=\"43b8fe8\" data-element_type=\"widget\" data-e-type=\"widget\" data-settings=\"{&quot;_animation&quot;:&quot;fadeInUp&quot;}\" data-widget_type=\"text-editor.default\">\n\t\t\t\t\t\t\t\t\t<p>Permettre aux agences, aux coachs et aux entrepreneurs de disposer d&rsquo;outils intelligents et \u00e9volutifs qui simplifient les op\u00e9rations, acc\u00e9l\u00e8rent la g\u00e9n\u00e9ration de leads et augmentent le chiffre d&rsquo;affaires, sans les inconv\u00e9nients techniques.<\/p>\t\t\t\t\t\t\t\t<\/div>\n\t\t\t\t<div class=\"elementor-element elementor-element-f7b9b91 elementor-invisible elementor-widget elementor-widget-heading\" data-id=\"f7b9b91\" data-element_type=\"widget\" data-e-type=\"widget\" data-settings=\"{&quot;_animation&quot;:&quot;fadeInLeft&quot;}\" data-widget_type=\"heading.default\">\n\t\t\t\t\t<h3 class=\"elementor-heading-title elementor-size-default\">Ce que nous faisons<\/h3>\t\t\t\t<\/div>\n\t\t\t\t<div class=\"elementor-element elementor-element-d467a90 elementor-invisible elementor-widget elementor-widget-text-editor\" data-id=\"d467a90\" data-element_type=\"widget\" data-e-type=\"widget\" data-settings=\"{&quot;_animation&quot;:&quot;fadeInUp&quot;}\" data-widget_type=\"text-editor.default\">\n\t\t\t\t\t\t\t\t\t<p>Nous sommes sp\u00e9cialis\u00e9s dans la construction de syst\u00e8mes num\u00e9riques de bout en bout, y compris les configurations CRM GoHighLevel, les campagnes de sensibilisation \u00e0 froid, l&rsquo;automatisation de chatbot\/voix AI, la cr\u00e9ation d&rsquo;entonnoirs, les configurations CRM multilingues et les flux de travail d&rsquo;automatisation personnalis\u00e9s adapt\u00e9s aux besoins uniques de l&rsquo;entreprise.<\/p>\t\t\t\t\t\t\t\t<\/div>\n\t\t\t\t<div class=\"elementor-element elementor-element-efc3958 elementor-invisible elementor-widget elementor-widget-heading\" data-id=\"efc3958\" data-element_type=\"widget\" data-e-type=\"widget\" data-settings=\"{&quot;_animation&quot;:&quot;fadeInLeft&quot;}\" data-widget_type=\"heading.default\">\n\t\t\t\t\t<h3 class=\"elementor-heading-title elementor-size-default\">Avec qui nous travaillons<\/h3>\t\t\t\t<\/div>\n\t\t\t\t<div class=\"elementor-element elementor-element-f8bcdca elementor-invisible elementor-widget elementor-widget-text-editor\" data-id=\"f8bcdca\" data-element_type=\"widget\" data-e-type=\"widget\" data-settings=\"{&quot;_animation&quot;:&quot;fadeInUp&quot;}\" data-widget_type=\"text-editor.default\">\n\t\t\t\t\t\t\t\t\t<p>Nos partenaires sont pr\u00e9sents dans plus de 10 pays, notamment aux \u00c9tats-Unis, au Canada, en France, au Royaume-Uni et ailleurs. Nous sommes fiers de servir des agences num\u00e9riques, des coachs, des consultants, des \u00e9ducateurs en ligne, des fournisseurs de services financiers et des entreprises B2B, entre autres, \u00e0 la recherche d&rsquo;une infrastructure performante. <\/p>\t\t\t\t\t\t\t\t<\/div>\n\t\t\t\t<div class=\"elementor-element elementor-element-6925012 elementor-invisible elementor-widget elementor-widget-heading\" data-id=\"6925012\" data-element_type=\"widget\" data-e-type=\"widget\" data-settings=\"{&quot;_animation&quot;:&quot;fadeInLeft&quot;}\" data-widget_type=\"heading.default\">\n\t\t\t\t\t<h3 class=\"elementor-heading-title elementor-size-default\">Rencontrez notre fondateur - Jean Pierre Fran\u00e7ois<\/h3>\t\t\t\t<\/div>\n\t\t<div class=\"elementor-element elementor-element-2791866 e-con-full e-flex e-con e-child\" data-id=\"2791866\" data-element_type=\"container\" data-e-type=\"container\">\n\t\t<div class=\"elementor-element elementor-element-9922c97 e-con-full e-flex e-con e-child\" data-id=\"9922c97\" data-element_type=\"container\" data-e-type=\"container\" data-settings=\"{&quot;background_background&quot;:&quot;classic&quot;}\">\n\t\t\t\t<div class=\"elementor-element elementor-element-939df27 elementor-widget elementor-widget-image\" data-id=\"939df27\" data-element_type=\"widget\" data-e-type=\"widget\" data-widget_type=\"image.default\">\n\t\t\t\t\t\t\t\t\t\t\t\t\t\t\t<img alt=\"\" fetchpriority=\"high\" decoding=\"async\" width=\"498\" height=\"498\" src=\"https:\/\/www.buzgrowth.digital\/wp-content\/uploads\/2025\/07\/JP_Transparent_Circle.png\" class=\"attachment-large size-large wp-image-4851\" alt=\"\" srcset=\"https:\/\/www.buzgrowth.digital\/wp-content\/uploads\/2025\/07\/JP_Transparent_Circle.png 498w, https:\/\/www.buzgrowth.digital\/wp-content\/uploads\/2025\/07\/JP_Transparent_Circle-300x300.png 300w, https:\/\/www.buzgrowth.digital\/wp-content\/uploads\/2025\/07\/JP_Transparent_Circle-150x150.png 150w, https:\/\/www.buzgrowth.digital\/wp-content\/uploads\/2025\/07\/JP_Transparent_Circle-200x200.png 200w\" sizes=\"(max-width: 498px) 100vw, 498px\" \/>\t\t\t\t\t\t\t\t\t\t\t\t\t\t\t<\/div>\n\t\t\t\t<\/div>\n\t\t<div class=\"elementor-element elementor-element-fb21fcd e-con-full e-flex e-con e-child\" data-id=\"fb21fcd\" data-element_type=\"container\" data-e-type=\"container\">\n\t\t\t\t<div class=\"elementor-element elementor-element-e7f8a1f elementor-invisible elementor-widget elementor-widget-text-editor\" data-id=\"e7f8a1f\" data-element_type=\"widget\" data-e-type=\"widget\" data-settings=\"{&quot;_animation&quot;:&quot;fadeInRight&quot;}\" data-widget_type=\"text-editor.default\">\n\t\t\t\t\t\t\t\t\t<p>Jean Pierre Fran\u00e7ois est le PDG et l&rsquo;administrateur certifi\u00e9 GoHighLevel de BuzGrowth Web LLC. Avec des ann\u00e9es d&rsquo;exp\u00e9rience dans les ventes, le marketing num\u00e9rique et l&rsquo;automatisation du marketing, Jean Pierre a travaill\u00e9 avec des clients \u00e0 travers l&rsquo;Am\u00e9rique du Nord, l&rsquo;Europe et l&rsquo;Afrique &#8211; en construisant des syst\u00e8mes qui aident les entreprises \u00e0 se d\u00e9velopper efficacement. <\/p><p>Son expertise dans les domaines du GoHighLevel CRM, de l&rsquo;automatisation de l&rsquo;IA et de l&rsquo;approche multicanal l&rsquo;a positionn\u00e9 comme un conseiller de croissance de confiance aupr\u00e8s d&rsquo;agences, de consultants et d&rsquo;entrepreneurs du monde entier. En tant qu&rsquo;expert certifi\u00e9, Jean Pierre dirige notre \u00e9quipe avec une vision strat\u00e9gique, une pr\u00e9cision technique et une concentration sans rel\u00e2che sur les r\u00e9sultats. <\/p>\t\t\t\t\t\t\t\t<\/div>\n\t\t\t\t<\/div>\n\t\t\t\t<\/div>\n\t\t\t\t<div class=\"elementor-element elementor-element-d6c2ecb elementor-invisible elementor-widget elementor-widget-heading\" data-id=\"d6c2ecb\" data-element_type=\"widget\" data-e-type=\"widget\" data-settings=\"{&quot;_animation&quot;:&quot;fadeInLeft&quot;}\" data-widget_type=\"heading.default\">\n\t\t\t\t\t<h3 class=\"elementor-heading-title elementor-size-default\">Pourquoi BuzGrowth ?<\/h3>\t\t\t\t<\/div>\n\t\t\t\t<div class=\"elementor-element elementor-element-d2eb9c8 elementor-invisible elementor-widget elementor-widget-text-editor\" data-id=\"d2eb9c8\" data-element_type=\"widget\" data-e-type=\"widget\" data-settings=\"{&quot;_animation&quot;:&quot;fadeInUp&quot;}\" data-widget_type=\"text-editor.default\">\n\t\t\t\t\t\t\t\t\t<p>Ce qui nous distingue, c&rsquo;est notre m\u00e9lange hybride d&rsquo;ex\u00e9cution technique, de connaissances en marketing strat\u00e9gique et de soutien bilingue (anglais et fran\u00e7ais). Nous ne nous contentons pas de construire des syst\u00e8mes, nous construisons des moteurs de croissance qui fonctionnent pendant que vous dormez. <\/p>\t\t\t\t\t\t\t\t<\/div>\n\t\t\t\t<div class=\"elementor-element elementor-element-f95c4bb elementor-invisible elementor-widget elementor-widget-heading\" data-id=\"f95c4bb\" data-element_type=\"widget\" data-e-type=\"widget\" data-settings=\"{&quot;_animation&quot;:&quot;fadeInLeft&quot;}\" data-widget_type=\"heading.default\">\n\t\t\t\t\t<h3 class=\"elementor-heading-title elementor-size-default\">Nos valeurs<\/h3>\t\t\t\t<\/div>\n\t\t\t\t<div class=\"elementor-element elementor-element-a0c150b elementor-invisible elementor-widget elementor-widget-text-editor\" data-id=\"a0c150b\" data-element_type=\"widget\" data-e-type=\"widget\" data-settings=\"{&quot;_animation&quot;:&quot;fadeInUp&quot;}\" data-widget_type=\"text-editor.default\">\n\t\t\t\t\t\t\t\t\t<ul><li data-start=\"2380\" data-end=\"2438\"><p data-start=\"2382\" data-end=\"2438\"><strong data-start=\"2382\" data-end=\"2393\">Clart\u00e9<\/strong> &#8211; Simplicit\u00e9 de la strat\u00e9gie et de la communication<\/p><\/li><li data-start=\"2439\" data-end=\"2499\"><p data-start=\"2441\" data-end=\"2499\"><strong data-start=\"2441\" data-end=\"2456\">Performance<\/strong> &#8211; Des r\u00e9sultats mesurables, pas de vagues promesses<\/p><\/li><li data-start=\"2500\" data-end=\"2550\"><p data-start=\"2502\" data-end=\"2550\"><strong data-start=\"2502\" data-end=\"2515\">Int\u00e9grit\u00e9<\/strong> &#8211; Travail transparent, pas de raccourcis<\/p><\/li><li data-start=\"2551\" data-end=\"2602\"><p data-start=\"2553\" data-end=\"2602\"><strong data-start=\"2553\" data-end=\"2567\">Innovation<\/strong> &#8211; Garder une longueur d&rsquo;avance gr\u00e2ce aux technologies intelligentes<\/p><\/li><\/ul>\t\t\t\t\t\t\t\t<\/div>\n\t\t\t\t<div class=\"elementor-element elementor-element-2dd94f9 elementor-invisible elementor-widget elementor-widget-heading\" data-id=\"2dd94f9\" data-element_type=\"widget\" data-e-type=\"widget\" data-settings=\"{&quot;_animation&quot;:&quot;fadeInLeft&quot;}\" data-widget_type=\"heading.default\">\n\t\t\t\t\t<h3 class=\"elementor-heading-title elementor-size-default\">Construisons ensemble<\/h3>\t\t\t\t<\/div>\n\t\t\t\t<div class=\"elementor-element elementor-element-7e2c8cf elementor-invisible elementor-widget elementor-widget-text-editor\" data-id=\"7e2c8cf\" data-element_type=\"widget\" data-e-type=\"widget\" data-settings=\"{&quot;_animation&quot;:&quot;fadeInUp&quot;}\" data-widget_type=\"text-editor.default\">\n\t\t\t\t\t\t\t\t\t<p>Que vous partiez de z\u00e9ro ou que vous optimisiez ce que vous avez d\u00e9j\u00e0, nous sommes l\u00e0 pour vous aider \u00e0 avancer plus vite, plus intelligemment et en toute confiance. R\u00e9servez d\u00e8s aujourd&rsquo;hui votre session strat\u00e9gique gratuite et construisons ensemble quelque chose de puissant. <\/p>\t\t\t\t\t\t\t\t<\/div>\n\t\t\t\t<div class=\"elementor-element elementor-element-3c7dad6 elementor-align-center elementor-widget elementor-widget-button\" data-id=\"3c7dad6\" data-element_type=\"widget\" data-e-type=\"widget\" data-widget_type=\"button.default\">\n\t\t\t\t\t\t\t\t\t\t<a class=\"elementor-button elementor-button-link elementor-size-sm\" href=\"https:\/\/www.buzgrowth.digital\/fr\/reservation-dune-session-strategique-gratuite\/\">\n\t\t\t\t\t\t<span class=\"elementor-button-content-wrapper\">\n\t\t\t\t\t\t<span class=\"elementor-button-icon\">\n\t\t\t\t<svg aria-hidden=\"true\" class=\"e-font-icon-svg e-far-calendar-alt\" viewBox=\"0 0 448 512\" xmlns=\"http:\/\/www.w3.org\/2000\/svg\"><path d=\"M148 288h-40c-6.6 0-12-5.4-12-12v-40c0-6.6 5.4-12 12-12h40c6.6 0 12 5.4 12 12v40c0 6.6-5.4 12-12 12zm108-12v-40c0-6.6-5.4-12-12-12h-40c-6.6 0-12 5.4-12 12v40c0 6.6 5.4 12 12 12h40c6.6 0 12-5.4 12-12zm96 0v-40c0-6.6-5.4-12-12-12h-40c-6.6 0-12 5.4-12 12v40c0 6.6 5.4 12 12 12h40c6.6 0 12-5.4 12-12zm-96 96v-40c0-6.6-5.4-12-12-12h-40c-6.6 0-12 5.4-12 12v40c0 6.6 5.4 12 12 12h40c6.6 0 12-5.4 12-12zm-96 0v-40c0-6.6-5.4-12-12-12h-40c-6.6 0-12 5.4-12 12v40c0 6.6 5.4 12 12 12h40c6.6 0 12-5.4 12-12zm192 0v-40c0-6.6-5.4-12-12-12h-40c-6.6 0-12 5.4-12 12v40c0 6.6 5.4 12 12 12h40c6.6 0 12-5.4 12-12zm96-260v352c0 26.5-21.5 48-48 48H48c-26.5 0-48-21.5-48-48V112c0-26.5 21.5-48 48-48h48V12c0-6.6 5.4-12 12-12h40c6.6 0 12 5.4 12 12v52h128V12c0-6.6 5.4-12 12-12h40c6.6 0 12 5.4 12 12v52h48c26.5 0 48 21.5 48 48zm-48 346V160H48v298c0 3.3 2.7 6 6 6h340c3.3 0 6-2.7 6-6z\"><\/path><\/svg>\t\t\t<\/span>\n\t\t\t\t\t\t\t\t\t<span class=\"elementor-button-text\">R\u00e9servez une session strat\u00e9gique gratuite<\/span>\n\t\t\t\t\t<\/span>\n\t\t\t\t\t<\/a>\n\t\t\t\t\t\t\t\t<\/div>\n\t\t\t\t\t<\/div>\n\t\t\t\t<\/div>\n\t\t\t\t<\/div>\n\t\t","protected":false},"excerpt":{"rendered":"<p>Syst\u00e8mes intelligents. Des r\u00e9sultats concrets. A propos de BuzGrowth Web LLC Chez BuzGrowth Web LLC, nous aidons les entreprises \u00e0 simplifier et \u00e0 se d\u00e9velopper gr\u00e2ce \u00e0 des syst\u00e8mes intelligents, \u00e0 l&rsquo;automatisation et \u00e0 des strat\u00e9gies num\u00e9riques adapt\u00e9es \u00e0 une croissance r\u00e9elle. Des chatbots aliment\u00e9s par l&rsquo;IA et l&rsquo;automatisation du CRM aux campagnes de sensibilisation [&hellip;]<\/p>\n","protected":false},"author":1,"featured_media":0,"parent":0,"menu_order":0,"comment_status":"closed","ping_status":"closed","template":"","meta":{"_acf_changed":false,"_seopress_robots_primary_cat":"","_seopress_titles_title":"","_seopress_titles_desc":"","_seopress_robots_index":"","footnotes":""},"class_list":["post-5090","page","type-page","status-publish","hentry"],"acf":[],"_links":{"self":[{"href":"https:\/\/www.buzgrowth.digital\/fr\/wp-json\/wp\/v2\/pages\/5090","targetHints":{"allow":["GET"]}}],"collection":[{"href":"https:\/\/www.buzgrowth.digital\/fr\/wp-json\/wp\/v2\/pages"}],"about":[{"href":"https:\/\/www.buzgrowth.digital\/fr\/wp-json\/wp\/v2\/types\/page"}],"author":[{"embeddable":true,"href":"https:\/\/www.buzgrowth.digital\/fr\/wp-json\/wp\/v2\/users\/1"}],"replies":[{"embeddable":true,"href":"https:\/\/www.buzgrowth.digital\/fr\/wp-json\/wp\/v2\/comments?post=5090"}],"version-history":[{"count":0,"href":"https:\/\/www.buzgrowth.digital\/fr\/wp-json\/wp\/v2\/pages\/5090\/revisions"}],"wp:attachment":[{"href":"https:\/\/www.buzgrowth.digital\/fr\/wp-json\/wp\/v2\/media?parent=5090"}],"curies":[{"name":"wp","href":"https:\/\/api.w.org\/{rel}","templated":true}]}}